{"id":10797,"date":"2024-02-12T10:57:19","date_gmt":"2024-02-12T09:57:19","guid":{"rendered":"https:\/\/www.boeltronic.com\/accessories\/"},"modified":"2024-02-16T09:44:04","modified_gmt":"2024-02-16T08:44:04","slug":"accessories","status":"publish","type":"page","link":"https:\/\/www.boeltronic.com\/en\/accessories\/","title":{"rendered":"Accessories"},"content":{"rendered":"<style>.kb-row-layout-id9812_56b84f-99 > .kt-row-column-wrap{align-content:start;}:where(.kb-row-layout-id9812_56b84f-99 > .kt-row-column-wrap) > .wp-block-kadence-column{justify-content:start;}.kb-row-layout-id9812_56b84f-99 > .kt-row-column-wrap{column-gap:var(--global-kb-gap-md, 2rem);row-gap:var(--global-kb-gap-md, 2rem);padding-top:160px;padding-right:16px;padding-bottom:58px;padding-left:16px;grid-template-columns:minmax(0, 1fr);}.kb-row-layout-id9812_56b84f-99{background-color:#342a85;}.kb-row-layout-id9812_56b84f-99 > .kt-row-layout-overlay{opacity:0.30;}@media all and (max-width: 1024px){.kb-row-layout-id9812_56b84f-99 > .kt-row-column-wrap{grid-template-columns:minmax(0, 1fr);}}@media all and (max-width: 767px){.kb-row-layout-id9812_56b84f-99 > .kt-row-column-wrap{grid-template-columns:minmax(0, 1fr);}}<\/style><div class=\"kb-row-layout-wrap kb-row-layout-id9812_56b84f-99 alignnone kt-row-has-bg wp-block-kadence-rowlayout\"><div class=\"kt-row-column-wrap kt-has-1-columns kt-row-layout-equal kt-tab-layout-inherit kt-mobile-layout-row kt-row-valign-top\">\n<style>.kadence-column9812_7a30f1-b5 > .kt-inside-inner-col,.kadence-column9812_7a30f1-b5 > .kt-inside-inner-col:before{border-top-left-radius:0px;border-top-right-radius:0px;border-bottom-right-radius:0px;border-bottom-left-radius:0px;}.kadence-column9812_7a30f1-b5 > .kt-inside-inner-col{column-gap:var(--global-kb-gap-sm, 1rem);}.kadence-column9812_7a30f1-b5 > .kt-inside-inner-col{flex-direction:column;}.kadence-column9812_7a30f1-b5 > .kt-inside-inner-col > .aligncenter{width:100%;}.kadence-column9812_7a30f1-b5 > .kt-inside-inner-col:before{opacity:0.3;}.kadence-column9812_7a30f1-b5{position:relative;}@media all and (max-width: 1024px){.kadence-column9812_7a30f1-b5 > .kt-inside-inner-col{flex-direction:column;justify-content:center;}}@media all and (max-width: 767px){.kadence-column9812_7a30f1-b5 > .kt-inside-inner-col{flex-direction:column;justify-content:center;}}<\/style>\n<div class=\"wp-block-kadence-column kadence-column9812_7a30f1-b5\"><div class=\"kt-inside-inner-col\"><style>.wp-block-kadence-advancedheading.kt-adv-heading9812_3e09fc-9f, .wp-block-kadence-advancedheading.kt-adv-heading9812_3e09fc-9f[data-kb-block=\"kb-adv-heading9812_3e09fc-9f\"]{margin-bottom:0px;text-align:center;font-size:var(--global-kb-font-size-xl, 3rem);font-style:normal;}.wp-block-kadence-advancedheading.kt-adv-heading9812_3e09fc-9f mark.kt-highlight, .wp-block-kadence-advancedheading.kt-adv-heading9812_3e09fc-9f[data-kb-block=\"kb-adv-heading9812_3e09fc-9f\"] mark.kt-highlight{font-style:normal;color:#f76a0c;-webkit-box-decoration-break:clone;box-decoration-break:clone;padding-top:0px;padding-right:0px;padding-bottom:0px;padding-left:0px;}.wp-block-kadence-advancedheading.kt-adv-heading9812_3e09fc-9f img.kb-inline-image, .wp-block-kadence-advancedheading.kt-adv-heading9812_3e09fc-9f[data-kb-block=\"kb-adv-heading9812_3e09fc-9f\"] img.kb-inline-image{width:150px;vertical-align:baseline;}<\/style>\n<h1 class=\"kt-adv-heading9812_3e09fc-9f wp-block-kadence-advancedheading has-theme-palette-9-color has-text-color\" data-kb-block=\"kb-adv-heading9812_3e09fc-9f\">ACCESSORIOS<\/h1>\n\n\n<style>.wp-block-kadence-advancedheading.kt-adv-heading9812_a5f567-e1, .wp-block-kadence-advancedheading.kt-adv-heading9812_a5f567-e1[data-kb-block=\"kb-adv-heading9812_a5f567-e1\"]{margin-top:0px;text-align:center;font-size:var(--global-kb-font-size-lg, 2rem);font-style:normal;color:rgba(255,255,255,0.68);}.wp-block-kadence-advancedheading.kt-adv-heading9812_a5f567-e1 mark.kt-highlight, .wp-block-kadence-advancedheading.kt-adv-heading9812_a5f567-e1[data-kb-block=\"kb-adv-heading9812_a5f567-e1\"] mark.kt-highlight{font-style:normal;color:#f76a0c;-webkit-box-decoration-break:clone;box-decoration-break:clone;padding-top:0px;padding-right:0px;padding-bottom:0px;padding-left:0px;}.wp-block-kadence-advancedheading.kt-adv-heading9812_a5f567-e1 img.kb-inline-image, .wp-block-kadence-advancedheading.kt-adv-heading9812_a5f567-e1[data-kb-block=\"kb-adv-heading9812_a5f567-e1\"] img.kb-inline-image{width:150px;vertical-align:baseline;}<\/style>\n<h2 class=\"kt-adv-heading9812_a5f567-e1 wp-block-kadence-advancedheading\" data-kb-block=\"kb-adv-heading9812_a5f567-e1\">ACCESORIES<\/h2>\n<\/div><\/div>\n\n<\/div><\/div><style>.kb-row-layout-wrap.wp-block-kadence-rowlayout.kb-row-layout-id9812_ce5064-77{margin-top:0px;}.kb-row-layout-id9812_ce5064-77 > .kt-row-column-wrap{align-content:start;}:where(.kb-row-layout-id9812_ce5064-77 > .kt-row-column-wrap) > .wp-block-kadence-column{justify-content:start;}.kb-row-layout-id9812_ce5064-77 > .kt-row-column-wrap{column-gap:var(--global-kb-gap-md, 2rem);row-gap:var(--global-kb-gap-md, 2rem);max-width:1200px;margin-left:auto;margin-right:auto;padding-top:var(--global-kb-spacing-sm, 1.5rem);padding-bottom:var(--global-kb-spacing-sm, 1.5rem);grid-template-columns:minmax(0, 1fr);}.kb-row-layout-id9812_ce5064-77 > .kt-row-layout-overlay{opacity:0.30;}@media all and (max-width: 1024px){.kb-row-layout-id9812_ce5064-77 > .kt-row-column-wrap{grid-template-columns:minmax(0, 1fr);}}@media all and (max-width: 767px){.kb-row-layout-id9812_ce5064-77 > .kt-row-column-wrap{grid-template-columns:minmax(0, 1fr);}}<\/style><div class=\"kb-row-layout-wrap kb-row-layout-id9812_ce5064-77 alignnone wp-block-kadence-rowlayout\"><div class=\"kt-row-column-wrap kt-has-1-columns kt-row-layout-equal kt-tab-layout-inherit kt-mobile-layout-row kt-row-valign-top\">\n<style>.kadence-column9812_649d08-81 > .kt-inside-inner-col,.kadence-column9812_649d08-81 > .kt-inside-inner-col:before{border-top-left-radius:0px;border-top-right-radius:0px;border-bottom-right-radius:0px;border-bottom-left-radius:0px;}.kadence-column9812_649d08-81 > .kt-inside-inner-col{column-gap:var(--global-kb-gap-sm, 1rem);}.kadence-column9812_649d08-81 > .kt-inside-inner-col{flex-direction:column;}.kadence-column9812_649d08-81 > .kt-inside-inner-col > .aligncenter{width:100%;}.kadence-column9812_649d08-81 > .kt-inside-inner-col:before{opacity:0.3;}.kadence-column9812_649d08-81{position:relative;}@media all and (max-width: 1024px){.kadence-column9812_649d08-81 > .kt-inside-inner-col{flex-direction:column;justify-content:center;}}@media all and (max-width: 767px){.kadence-column9812_649d08-81 > .kt-inside-inner-col{flex-direction:column;justify-content:center;}}<\/style>\n<div class=\"wp-block-kadence-column kadence-column9812_649d08-81\"><div class=\"kt-inside-inner-col\"><style>.wp-block-kadence-advancedheading.kt-adv-heading9812_7072ab-7b, .wp-block-kadence-advancedheading.kt-adv-heading9812_7072ab-7b[data-kb-block=\"kb-adv-heading9812_7072ab-7b\"]{font-style:normal;color:rgba(26,32,44,0.61);border-top:0px solid transparent;border-right:0px solid transparent;border-bottom:1px solid var(--global-palette1, #3182CE);border-left:0px solid transparent;}.wp-block-kadence-advancedheading.kt-adv-heading9812_7072ab-7b mark.kt-highlight, .wp-block-kadence-advancedheading.kt-adv-heading9812_7072ab-7b[data-kb-block=\"kb-adv-heading9812_7072ab-7b\"] mark.kt-highlight{font-style:normal;color:#f76a0c;-webkit-box-decoration-break:clone;box-decoration-break:clone;padding-top:0px;padding-right:0px;padding-bottom:0px;padding-left:0px;}.wp-block-kadence-advancedheading.kt-adv-heading9812_7072ab-7b img.kb-inline-image, .wp-block-kadence-advancedheading.kt-adv-heading9812_7072ab-7b[data-kb-block=\"kb-adv-heading9812_7072ab-7b\"] img.kb-inline-image{width:150px;vertical-align:baseline;}@media all and (max-width: 1024px){.wp-block-kadence-advancedheading.kt-adv-heading9812_7072ab-7b, .wp-block-kadence-advancedheading.kt-adv-heading9812_7072ab-7b[data-kb-block=\"kb-adv-heading9812_7072ab-7b\"]{border-top:0px solid transparent;border-right:0px solid transparent;border-bottom:1px solid var(--global-palette1, #3182CE);border-left:0px solid transparent;}}@media all and (max-width: 767px){.wp-block-kadence-advancedheading.kt-adv-heading9812_7072ab-7b, .wp-block-kadence-advancedheading.kt-adv-heading9812_7072ab-7b[data-kb-block=\"kb-adv-heading9812_7072ab-7b\"]{border-top:0px solid transparent;border-right:0px solid transparent;border-bottom:1px solid var(--global-palette1, #3182CE);border-left:0px solid transparent;}}<\/style>\n<p id=\"enlaces-menu\" class=\"kt-adv-heading9812_7072ab-7b wp-block-kadence-advancedheading\" data-kb-block=\"kb-adv-heading9812_7072ab-7b\"><a href=\"https:\/\/www.boeltronic.com\/en\/\">Home<\/a> &#8211; <a href=\"https:\/\/www.boeltronic.com\/productos\/\">Products<\/a> &#8211; Accessories<\/p>\n<\/div><\/div>\n\n<\/div><\/div><style>.kb-row-layout-id9812_ebc27c-8f > .kt-row-column-wrap{align-content:start;}:where(.kb-row-layout-id9812_ebc27c-8f > .kt-row-column-wrap) > .wp-block-kadence-column{justify-content:start;}.kb-row-layout-id9812_ebc27c-8f > .kt-row-column-wrap{column-gap:var(--global-kb-gap-md, 2rem);row-gap:var(--global-kb-gap-md, 2rem);max-width:1200px;margin-left:auto;margin-right:auto;padding-top:var(--global-kb-spacing-lg, 3rem);padding-bottom:var(--global-kb-spacing-xl, 4rem);grid-template-columns:repeat(2, minmax(0, 1fr));}.kb-row-layout-id9812_ebc27c-8f > .kt-row-layout-overlay{opacity:0.30;}@media all and (max-width: 1024px){.kb-row-layout-id9812_ebc27c-8f > .kt-row-column-wrap{grid-template-columns:repeat(2, minmax(0, 1fr));}}@media all and (max-width: 767px){.kb-row-layout-id9812_ebc27c-8f > .kt-row-column-wrap{grid-template-columns:minmax(0, 1fr);}}<\/style><div class=\"kb-row-layout-wrap kb-row-layout-id9812_ebc27c-8f alignnone wp-block-kadence-rowlayout\"><div class=\"kt-row-column-wrap kt-has-2-columns kt-row-layout-equal kt-tab-layout-inherit kt-mobile-layout-row kt-row-valign-top\">\n<style>.kadence-column9812_e14af8-f2 > .kt-inside-inner-col,.kadence-column9812_e14af8-f2 > .kt-inside-inner-col:before{border-top-left-radius:0px;border-top-right-radius:0px;border-bottom-right-radius:0px;border-bottom-left-radius:0px;}.kadence-column9812_e14af8-f2 > .kt-inside-inner-col{column-gap:var(--global-kb-gap-sm, 1rem);}.kadence-column9812_e14af8-f2 > .kt-inside-inner-col{flex-direction:column;}.kadence-column9812_e14af8-f2 > .kt-inside-inner-col > .aligncenter{width:100%;}.kadence-column9812_e14af8-f2 > .kt-inside-inner-col:before{opacity:0.3;}.kadence-column9812_e14af8-f2{position:relative;}@media all and (max-width: 1024px){.kadence-column9812_e14af8-f2 > .kt-inside-inner-col{flex-direction:column;justify-content:center;}}@media all and (max-width: 767px){.kadence-column9812_e14af8-f2 > .kt-inside-inner-col{flex-direction:column;justify-content:center;}}<\/style>\n<div class=\"wp-block-kadence-column kadence-column9812_e14af8-f2 kb-section-has-link\"><div class=\"kt-inside-inner-col\"><style>.kb-image9812_a8511d-2b.kb-image-is-ratio-size, .kb-image9812_a8511d-2b .kb-image-is-ratio-size{max-width:444px;width:100%;}.wp-block-kadence-column > .kt-inside-inner-col > .kb-image9812_a8511d-2b.kb-image-is-ratio-size, .wp-block-kadence-column > .kt-inside-inner-col > .kb-image9812_a8511d-2b .kb-image-is-ratio-size{align-self:unset;}.kb-image9812_a8511d-2b figure{max-width:444px;}.kb-image9812_a8511d-2b .image-is-svg, .kb-image9812_a8511d-2b .image-is-svg img{width:100%;}.kb-image9812_a8511d-2b .kb-image-has-overlay:after{opacity:0.3;}<\/style>\n<div class=\"wp-block-kadence-image kb-image9812_a8511d-2b\"><figure class=\"aligncenter\"><img decoding=\"async\" src=\"https:\/\/www.boeltronic.com\/wp-content\/uploads\/2024\/02\/221_3-removebg-preview.png\" class=\"kb-img wp-image-9813\"><figcaption><strong><strong><strong>CONNECTORS<\/strong><\/strong><\/strong><\/figcaption><\/figure><\/div>\n<\/div><a href=\"\/conectores\/\" class=\"kb-section-link-overlay\"><\/a><\/div>\n\n\n<style>.kadence-column9812_03d289-d2 > .kt-inside-inner-col{display:flex;}.kadence-column9812_03d289-d2 > .kt-inside-inner-col{min-height:150px;}.kadence-column9812_03d289-d2 > .kt-inside-inner-col,.kadence-column9812_03d289-d2 > .kt-inside-inner-col:before{border-top-left-radius:0px;border-top-right-radius:0px;border-bottom-right-radius:0px;border-bottom-left-radius:0px;}.kadence-column9812_03d289-d2 > .kt-inside-inner-col{column-gap:var(--global-kb-gap-sm, 1rem);}.kadence-column9812_03d289-d2 > .kt-inside-inner-col{flex-direction:column;justify-content:flex-start;}.kadence-column9812_03d289-d2 > .kt-inside-inner-col > .aligncenter{width:100%;}.kt-row-column-wrap > .kadence-column9812_03d289-d2{align-self:flex-start;}.kt-inner-column-height-full:not(.kt-has-1-columns) > .wp-block-kadence-column.kadence-column9812_03d289-d2{align-self:auto;}.kt-inner-column-height-full:not(.kt-has-1-columns) > .wp-block-kadence-column.kadence-column9812_03d289-d2 > .kt-inside-inner-col{flex-direction:column;justify-content:flex-start;}.kadence-column9812_03d289-d2 > .kt-inside-inner-col:before{opacity:0.3;}.kadence-column9812_03d289-d2{position:relative;}@media all and (max-width: 1024px){.kt-row-column-wrap > .kadence-column9812_03d289-d2{align-self:flex-start;}}@media all and (max-width: 1024px){.kt-inner-column-height-full:not(.kt-has-1-columns) > .wp-block-kadence-column.kadence-column9812_03d289-d2{align-self:auto;}}@media all and (max-width: 1024px){.kt-inner-column-height-full:not(.kt-has-1-columns) > .wp-block-kadence-column.kadence-column9812_03d289-d2 > .kt-inside-inner-col{flex-direction:column;justify-content:flex-start;}}@media all and (max-width: 1024px){.kadence-column9812_03d289-d2 > .kt-inside-inner-col{flex-direction:column;justify-content:flex-start;}}@media all and (max-width: 767px){.kt-row-column-wrap > .kadence-column9812_03d289-d2{align-self:flex-start;}.kt-inner-column-height-full:not(.kt-has-1-columns) > .wp-block-kadence-column.kadence-column9812_03d289-d2{align-self:auto;}.kt-inner-column-height-full:not(.kt-has-1-columns) > .wp-block-kadence-column.kadence-column9812_03d289-d2 > .kt-inside-inner-col{flex-direction:column;justify-content:flex-start;}.kadence-column9812_03d289-d2 > .kt-inside-inner-col{flex-direction:column;justify-content:flex-start;}}<\/style>\n<div class=\"wp-block-kadence-column kadence-column9812_03d289-d2 kb-section-has-link\"><div class=\"kt-inside-inner-col\"><style>.kb-image9812_d80fa3-5a.kb-image-is-ratio-size, .kb-image9812_d80fa3-5a .kb-image-is-ratio-size{max-width:272px;width:100%;}.wp-block-kadence-column > .kt-inside-inner-col > .kb-image9812_d80fa3-5a.kb-image-is-ratio-size, .wp-block-kadence-column > .kt-inside-inner-col > .kb-image9812_d80fa3-5a .kb-image-is-ratio-size{align-self:unset;}.kb-image9812_d80fa3-5a figure{max-width:272px;}.kb-image9812_d80fa3-5a .image-is-svg, .kb-image9812_d80fa3-5a .image-is-svg img{width:100%;}.kb-image9812_d80fa3-5a .kb-image-has-overlay:after{opacity:0.3;}<\/style>\n<div class=\"wp-block-kadence-image kb-image9812_d80fa3-5a\"><figure class=\"aligncenter\"><img decoding=\"async\" src=\"https:\/\/www.boeltronic.com\/wp-content\/uploads\/2024\/02\/TCN.png\" class=\"kb-img wp-image-9818\"><figcaption><strong>CONTROL<\/strong><\/figcaption><\/figure><\/div>\n<\/div><a href=\"\/control\/\" class=\"kb-section-link-overlay\"><\/a><\/div>\n\n<\/div><\/div>","protected":false},"excerpt":{"rendered":"<p>ACCESSORIOS ACCESORIES Home &#8211; Products &#8211; Accessories<\/p>\n","protected":false},"author":1,"featured_media":0,"parent":0,"menu_order":0,"comment_status":"closed","ping_status":"closed","template":"","meta":{"_uag_custom_page_level_css":"","_kad_blocks_custom_css":"","_kad_blocks_head_custom_js":"","_kad_blocks_body_custom_js":"","_kad_blocks_footer_custom_js":"","_kad_post_transparent":"","_kad_post_title":"","_kad_post_layout":"","_kad_post_sidebar_id":"","_kad_post_content_style":"","_kad_post_vertical_padding":"","_kad_post_feature":"","_kad_post_feature_position":"","_kad_post_header":false,"_kad_post_footer":false,"footnotes":""},"class_list":["post-10797","page","type-page","status-publish","hentry"],"yoast_head":"<!-- This site is optimized with the Yoast SEO plugin v27.2 - https:\/\/yoast.com\/product\/yoast-seo-wordpress\/ -->\n<title>LED lighting fixtures - Boeltronic<\/title>\n<meta name=\"description\" content=\"Discover our variety of accessories, including connectors and controls, at Boeltronic. Find everything you need to complement your LED lighting projects.\" \/>\n<meta name=\"robots\" content=\"index, follow, max-snippet:-1, max-image-preview:large, max-video-preview:-1\" \/>\n<link rel=\"canonical\" href=\"https:\/\/www.boeltronic.com\/en\/accessories\/\" \/>\n<meta property=\"og:locale\" content=\"en_US\" \/>\n<meta property=\"og:type\" content=\"article\" \/>\n<meta property=\"og:title\" content=\"LED lighting fixtures - Boeltronic\" \/>\n<meta property=\"og:description\" content=\"Discover our variety of accessories, including connectors and controls, at Boeltronic. Find everything you need to complement your LED lighting projects.\" \/>\n<meta property=\"og:url\" content=\"https:\/\/www.boeltronic.com\/en\/accessories\/\" \/>\n<meta property=\"og:site_name\" content=\"Boeltronic\" \/>\n<meta property=\"article:modified_time\" content=\"2024-02-16T08:44:04+00:00\" \/>\n<meta property=\"og:image\" content=\"https:\/\/www.boeltronic.com\/wp-content\/uploads\/2024\/02\/221_3-removebg-preview.png\" \/>\n<meta name=\"twitter:card\" content=\"summary_large_image\" \/>\n<meta name=\"twitter:label1\" content=\"Est. reading time\" \/>\n\t<meta name=\"twitter:data1\" content=\"1 minute\" \/>\n<script type=\"application\/ld+json\" class=\"yoast-schema-graph\">{\"@context\":\"https:\/\/schema.org\",\"@graph\":[{\"@type\":\"WebPage\",\"@id\":\"https:\/\/www.boeltronic.com\/en\/accessories\/\",\"url\":\"https:\/\/www.boeltronic.com\/en\/accessories\/\",\"name\":\"LED lighting fixtures - Boeltronic\",\"isPartOf\":{\"@id\":\"https:\/\/www.boeltronic.com\/en\/#website\"},\"primaryImageOfPage\":{\"@id\":\"https:\/\/www.boeltronic.com\/en\/accessories\/#primaryimage\"},\"image\":{\"@id\":\"https:\/\/www.boeltronic.com\/en\/accessories\/#primaryimage\"},\"thumbnailUrl\":\"https:\/\/www.boeltronic.com\/wp-content\/uploads\/2024\/02\/221_3-removebg-preview.png\",\"datePublished\":\"2024-02-12T09:57:19+00:00\",\"dateModified\":\"2024-02-16T08:44:04+00:00\",\"description\":\"Discover our variety of accessories, including connectors and controls, at Boeltronic. Find everything you need to complement your LED lighting projects.\",\"breadcrumb\":{\"@id\":\"https:\/\/www.boeltronic.com\/en\/accessories\/#breadcrumb\"},\"inLanguage\":\"en-US\",\"potentialAction\":[{\"@type\":\"ReadAction\",\"target\":[\"https:\/\/www.boeltronic.com\/en\/accessories\/\"]}]},{\"@type\":\"ImageObject\",\"inLanguage\":\"en-US\",\"@id\":\"https:\/\/www.boeltronic.com\/en\/accessories\/#primaryimage\",\"url\":\"https:\/\/www.boeltronic.com\/wp-content\/uploads\/2024\/02\/221_3-removebg-preview.png\",\"contentUrl\":\"https:\/\/www.boeltronic.com\/wp-content\/uploads\/2024\/02\/221_3-removebg-preview.png\"},{\"@type\":\"BreadcrumbList\",\"@id\":\"https:\/\/www.boeltronic.com\/en\/accessories\/#breadcrumb\",\"itemListElement\":[{\"@type\":\"ListItem\",\"position\":1,\"name\":\"Portada\",\"item\":\"https:\/\/www.boeltronic.com\/en\/\"},{\"@type\":\"ListItem\",\"position\":2,\"name\":\"Accessories\"}]},{\"@type\":\"WebSite\",\"@id\":\"https:\/\/www.boeltronic.com\/en\/#website\",\"url\":\"https:\/\/www.boeltronic.com\/en\/\",\"name\":\"Boeltronic Soluciones electr\u00f3nicas para iluminaci\u00f3n\",\"description\":\"Soluciones electr\u00f3nicas para iluminaci\u00f3n\",\"publisher\":{\"@id\":\"https:\/\/www.boeltronic.com\/en\/#organization\"},\"potentialAction\":[{\"@type\":\"SearchAction\",\"target\":{\"@type\":\"EntryPoint\",\"urlTemplate\":\"https:\/\/www.boeltronic.com\/en\/?s={search_term_string}\"},\"query-input\":{\"@type\":\"PropertyValueSpecification\",\"valueRequired\":true,\"valueName\":\"search_term_string\"}}],\"inLanguage\":\"en-US\"},{\"@type\":\"Organization\",\"@id\":\"https:\/\/www.boeltronic.com\/en\/#organization\",\"name\":\"Boeltronic\",\"url\":\"https:\/\/www.boeltronic.com\/en\/\",\"logo\":{\"@type\":\"ImageObject\",\"inLanguage\":\"en-US\",\"@id\":\"https:\/\/www.boeltronic.com\/en\/#\/schema\/logo\/image\/\",\"url\":\"https:\/\/www.boeltronic.com\/wp-content\/uploads\/2023\/11\/cropped-boel-tronic-logo-03.png\",\"contentUrl\":\"https:\/\/www.boeltronic.com\/wp-content\/uploads\/2023\/11\/cropped-boel-tronic-logo-03.png\",\"width\":583,\"height\":173,\"caption\":\"Boeltronic\"},\"image\":{\"@id\":\"https:\/\/www.boeltronic.com\/en\/#\/schema\/logo\/image\/\"}}]}<\/script>\n<!-- \/ Yoast SEO plugin. -->","yoast_head_json":{"title":"LED lighting fixtures - Boeltronic","description":"Discover our variety of accessories, including connectors and controls, at Boeltronic. Find everything you need to complement your LED lighting projects.","robots":{"index":"index","follow":"follow","max-snippet":"max-snippet:-1","max-image-preview":"max-image-preview:large","max-video-preview":"max-video-preview:-1"},"canonical":"https:\/\/www.boeltronic.com\/en\/accessories\/","og_locale":"en_US","og_type":"article","og_title":"LED lighting fixtures - Boeltronic","og_description":"Discover our variety of accessories, including connectors and controls, at Boeltronic. Find everything you need to complement your LED lighting projects.","og_url":"https:\/\/www.boeltronic.com\/en\/accessories\/","og_site_name":"Boeltronic","article_modified_time":"2024-02-16T08:44:04+00:00","og_image":[{"url":"https:\/\/www.boeltronic.com\/wp-content\/uploads\/2024\/02\/221_3-removebg-preview.png","type":"","width":"","height":""}],"twitter_card":"summary_large_image","twitter_misc":{"Est. reading time":"1 minute"},"schema":{"@context":"https:\/\/schema.org","@graph":[{"@type":"WebPage","@id":"https:\/\/www.boeltronic.com\/en\/accessories\/","url":"https:\/\/www.boeltronic.com\/en\/accessories\/","name":"LED lighting fixtures - Boeltronic","isPartOf":{"@id":"https:\/\/www.boeltronic.com\/en\/#website"},"primaryImageOfPage":{"@id":"https:\/\/www.boeltronic.com\/en\/accessories\/#primaryimage"},"image":{"@id":"https:\/\/www.boeltronic.com\/en\/accessories\/#primaryimage"},"thumbnailUrl":"https:\/\/www.boeltronic.com\/wp-content\/uploads\/2024\/02\/221_3-removebg-preview.png","datePublished":"2024-02-12T09:57:19+00:00","dateModified":"2024-02-16T08:44:04+00:00","description":"Discover our variety of accessories, including connectors and controls, at Boeltronic. Find everything you need to complement your LED lighting projects.","breadcrumb":{"@id":"https:\/\/www.boeltronic.com\/en\/accessories\/#breadcrumb"},"inLanguage":"en-US","potentialAction":[{"@type":"ReadAction","target":["https:\/\/www.boeltronic.com\/en\/accessories\/"]}]},{"@type":"ImageObject","inLanguage":"en-US","@id":"https:\/\/www.boeltronic.com\/en\/accessories\/#primaryimage","url":"https:\/\/www.boeltronic.com\/wp-content\/uploads\/2024\/02\/221_3-removebg-preview.png","contentUrl":"https:\/\/www.boeltronic.com\/wp-content\/uploads\/2024\/02\/221_3-removebg-preview.png"},{"@type":"BreadcrumbList","@id":"https:\/\/www.boeltronic.com\/en\/accessories\/#breadcrumb","itemListElement":[{"@type":"ListItem","position":1,"name":"Portada","item":"https:\/\/www.boeltronic.com\/en\/"},{"@type":"ListItem","position":2,"name":"Accessories"}]},{"@type":"WebSite","@id":"https:\/\/www.boeltronic.com\/en\/#website","url":"https:\/\/www.boeltronic.com\/en\/","name":"Boeltronic Soluciones electr\u00f3nicas para iluminaci\u00f3n","description":"Soluciones electr\u00f3nicas para iluminaci\u00f3n","publisher":{"@id":"https:\/\/www.boeltronic.com\/en\/#organization"},"potentialAction":[{"@type":"SearchAction","target":{"@type":"EntryPoint","urlTemplate":"https:\/\/www.boeltronic.com\/en\/?s={search_term_string}"},"query-input":{"@type":"PropertyValueSpecification","valueRequired":true,"valueName":"search_term_string"}}],"inLanguage":"en-US"},{"@type":"Organization","@id":"https:\/\/www.boeltronic.com\/en\/#organization","name":"Boeltronic","url":"https:\/\/www.boeltronic.com\/en\/","logo":{"@type":"ImageObject","inLanguage":"en-US","@id":"https:\/\/www.boeltronic.com\/en\/#\/schema\/logo\/image\/","url":"https:\/\/www.boeltronic.com\/wp-content\/uploads\/2023\/11\/cropped-boel-tronic-logo-03.png","contentUrl":"https:\/\/www.boeltronic.com\/wp-content\/uploads\/2023\/11\/cropped-boel-tronic-logo-03.png","width":583,"height":173,"caption":"Boeltronic"},"image":{"@id":"https:\/\/www.boeltronic.com\/en\/#\/schema\/logo\/image\/"}}]}},"taxonomy_info":[],"featured_image_src_large":false,"author_info":{"display_name":"admin","author_link":"https:\/\/www.boeltronic.com\/en\/author\/empiezapori\/"},"comment_info":0,"spectra_custom_meta":{"_top_nav_excluded":[""],"_cms_nav_minihome":[""],"_last_translation_edit_mode":["translation-editor"],"_edit_lock":["1708009658:1"],"_edit_last":["1"],"cmplz_hide_cookiebanner":[""],"_wp_page_template":[""],"_wpml_media_duplicate":["1"],"_wpml_media_featured":["1"],"_yoast_wpseo_linkdex":["48"],"_yoast_wpseo_content_score":["90"],"_yoast_wpseo_estimated-reading-time-minutes":["1"],"_yoast_wpseo_wordproof_timestamp":[""],"_yoast_wpseo_title":["LED lighting fixtures - Boeltronic"],"_yoast_wpseo_metadesc":["Discover our variety of accessories, including connectors and controls, at Boeltronic. Find everything you need to complement your LED lighting projects."],"_yoast_wpseo_focuskw":["accessories"],"_uag_page_assets":["a:9:{s:3:\"css\";s:263:\".uag-blocks-common-selector{z-index:var(--z-index-desktop) !important}@media (max-width: 976px){.uag-blocks-common-selector{z-index:var(--z-index-tablet) !important}}@media (max-width: 767px){.uag-blocks-common-selector{z-index:var(--z-index-mobile) !important}}\n\";s:2:\"js\";s:0:\"\";s:18:\"current_block_list\";a:13:{i:0;s:17:\"kadence\/rowlayout\";i:1;s:14:\"kadence\/column\";i:2;s:23:\"kadence\/advancedheading\";i:5;s:13:\"kadence\/image\";i:6;s:11:\"core\/search\";i:7;s:10:\"core\/group\";i:8;s:12:\"core\/heading\";i:9;s:17:\"core\/latest-posts\";i:10;s:20:\"core\/latest-comments\";i:11;s:13:\"core\/archives\";i:12;s:15:\"core\/categories\";i:13;s:12:\"kadence\/icon\";i:14;s:19:\"kadence\/single-icon\";}s:8:\"uag_flag\";b:0;s:11:\"uag_version\";s:10:\"1777483590\";s:6:\"gfonts\";a:0:{}s:10:\"gfonts_url\";s:0:\"\";s:12:\"gfonts_files\";a:0:{}s:14:\"uag_faq_layout\";b:0;}"],"_uag_css_file_name":["uag-css-10797.css"]},"uagb_featured_image_src":{"full":false,"thumbnail":false,"medium":false,"medium_large":false,"large":false,"1536x1536":false,"2048x2048":false},"uagb_author_info":{"display_name":"admin","author_link":"https:\/\/www.boeltronic.com\/en\/author\/empiezapori\/"},"uagb_comment_info":0,"uagb_excerpt":"ACCESSORIOS ACCESORIES Home &#8211; Products &#8211; Accessories","_links":{"self":[{"href":"https:\/\/www.boeltronic.com\/en\/wp-json\/wp\/v2\/pages\/10797","targetHints":{"allow":["GET"]}}],"collection":[{"href":"https:\/\/www.boeltronic.com\/en\/wp-json\/wp\/v2\/pages"}],"about":[{"href":"https:\/\/www.boeltronic.com\/en\/wp-json\/wp\/v2\/types\/page"}],"author":[{"embeddable":true,"href":"https:\/\/www.boeltronic.com\/en\/wp-json\/wp\/v2\/users\/1"}],"replies":[{"embeddable":true,"href":"https:\/\/www.boeltronic.com\/en\/wp-json\/wp\/v2\/comments?post=10797"}],"version-history":[{"count":0,"href":"https:\/\/www.boeltronic.com\/en\/wp-json\/wp\/v2\/pages\/10797\/revisions"}],"wp:attachment":[{"href":"https:\/\/www.boeltronic.com\/en\/wp-json\/wp\/v2\/media?parent=10797"}],"curies":[{"name":"wp","href":"https:\/\/api.w.org\/{rel}","templated":true}]}}